{"id":4296,"date":"2025-06-28T14:42:32","date_gmt":"2025-06-28T11:42:32","guid":{"rendered":"https:\/\/profix.medialuotsidemot.fi\/?page_id=4296"},"modified":"2025-08-12T08:24:05","modified_gmt":"2025-08-12T05:24:05","slug":"fastighetsservice-profix-paananen-oy","status":"publish","type":"page","link":"https:\/\/profixpaananen.fi\/sv\/","title":{"rendered":"Fastighetsservice ProFix Paananen Oy"},"content":{"rendered":"\r\n\r\n<section class=\"hero site-banner banner-bg-image section-default left alignfull image\">\r\n\r\n    <div class=\"site-banner-bg section-bg-image \" >\r\n\r\n        <img loading=\"lazy\" decoding=\"async\" width=\"2560\" height=\"1313\" src=\"https:\/\/profixpaananen.fi\/wp-content\/uploads\/2025\/07\/herobg-scaled.jpg\" class=\"attachment-1536\u00d71536 size-1536\u00d71536\" alt=\"\" srcset=\"https:\/\/profixpaananen.fi\/wp-content\/uploads\/2025\/07\/herobg-scaled.jpg 2560w, https:\/\/profixpaananen.fi\/wp-content\/uploads\/2025\/07\/herobg-300x154.jpg 300w, https:\/\/profixpaananen.fi\/wp-content\/uploads\/2025\/07\/herobg-1024x525.jpg 1024w, https:\/\/profixpaananen.fi\/wp-content\/uploads\/2025\/07\/herobg-768x394.jpg 768w, https:\/\/profixpaananen.fi\/wp-content\/uploads\/2025\/07\/herobg-1536x788.jpg 1536w, https:\/\/profixpaananen.fi\/wp-content\/uploads\/2025\/07\/herobg-2048x1051.jpg 2048w\" sizes=\"auto, (max-width: 2560px) 100vw, 2560px\" \/>\r\n        \r\n            <div class=\"site-banner-content container\">\r\n                <div class=\"row w-100\">\r\n                    <div class=\"col-md-12\">\r\n\r\n                        <h1 class=\"hero-title\">P\u00e5litligt fastighetsunderh\u00e5ll i generationer<\/h1><div class=\"inner-content\">\r\n                            <div class=\"acf-innerblocks-container\">\n\n<div class=\"wp-block-buttons is-layout-flex wp-block-buttons-is-layout-flex\">\n<div class=\"wp-block-button\"><a class=\"wp-block-button__link wp-element-button\" href=\"#kontakta-oss\">Kontakta oss<\/a><\/div>\n<\/div>\n\n<\/div>\r\n                        <\/div>                    <\/div>\r\n                <\/div>\r\n            <\/div>\r\n        \r\n        <\/div><\/section>\n\n\n<div class=\"wp-block-columns is-style-default is-layout-flex wp-container-core-columns-is-layout-9d6595d7 wp-block-columns-is-layout-flex\">\n<div class=\"wp-block-column is-layout-flow wp-block-column-is-layout-flow\">\n<h2 class=\"wp-block-heading big-text has-blue-color has-text-color has-link-color wp-elements-46366621de295ddf4d4c86472e36ffbc\">Vi \u00e4r ett lokalt familjef\u00f6retag som erbjuder h\u00f6gkvalitativt och ansvarsfullt fastighetsunderh\u00e5ll.<\/h2>\n\n\n\n<div style=\"height:48px\" aria-hidden=\"true\" class=\"wp-block-spacer\"><\/div>\n\n\n<div class=\"wp-block-image\">\n<figure class=\"aligncenter size-large is-resized\"><img loading=\"lazy\" decoding=\"async\" width=\"1024\" height=\"441\" src=\"https:\/\/profixpaananen.fi\/wp-content\/uploads\/2024\/05\/profix-logo2-1024x441.png\" alt=\"\" class=\"wp-image-4227\" style=\"width:313px;height:auto\" srcset=\"https:\/\/profixpaananen.fi\/wp-content\/uploads\/2024\/05\/profix-logo2-1024x441.png 1024w, https:\/\/profixpaananen.fi\/wp-content\/uploads\/2024\/05\/profix-logo2-300x129.png 300w, https:\/\/profixpaananen.fi\/wp-content\/uploads\/2024\/05\/profix-logo2-768x331.png 768w, https:\/\/profixpaananen.fi\/wp-content\/uploads\/2024\/05\/profix-logo2-1536x661.png 1536w, https:\/\/profixpaananen.fi\/wp-content\/uploads\/2024\/05\/profix-logo2.png 1680w\" sizes=\"auto, (max-width: 1024px) 100vw, 1024px\" \/><\/figure>\n<\/div><\/div>\n\n\n\n<div class=\"wp-block-column is-layout-flow wp-block-column-is-layout-flow\">\n<p><strong>Fastighetssk\u00f6tsel \u00e4r inte bara ett yrke f\u00f6r oss \u2013 det \u00e4r ett s\u00e4tt att leva.<\/strong><\/p>\n\n\n\n<p>F\u00f6retagets r\u00f6tter ligger i Ellis far, Kai Huhta, som startade fastighetsservicen f\u00f6r \u00f6ver 40 \u00e5r sedan under namnet Kiinteist\u00f6huolto Kai Huhta Oy.<\/p>\n\n\n\n<p>\u00c5r 2025 skedde ett generationsskifte och samtidigt ett namnbyte. Fastighetsservice ProFix Paananen Oy drivs av Kais dotter Elli, hennes man Mathias och familjens barn &#8211; var och en p\u00e5 sitt s\u00e4tt engagerade i att driva vardagen, d\u00e4r kunden alltid st\u00e5r i centrum.<\/p>\n\n\n\n<p>V\u00e5ra kunder \u00e4r bostadsbolag, f\u00f6retag och privatpersoner. Vi har\u00a0m\u00e5ng\u00e5rig erfarenhet och\u00a0en\u00a0genuin k\u00e4nsla f\u00f6r att g\u00f6ra saker. Det \u00e4r viktigt f\u00f6r oss att varje\u00a0g\u00e5rdsplan\u00a0h\u00e5lls\u00a0st\u00e4dad, funktionell och s\u00e4ker \u2013 \u00e5ret runt \u2013 oavsett om det\u00a0g\u00e4ller\u00a0sn\u00f6r\u00f6jning, gr\u00e4sklippning eller mindre reparationer. Vi g\u00f6r jobbet\u00a0s\u00e5 som vi kommit \u00f6verens om\u00a0,\u00a0inom utsatt tid\u00a0och med ett leende p\u00e5 l\u00e4pparna. N\u00e4r du v\u00e4ljer oss f\u00e5r du personlig service och\u00a0ett\u00a0flexibelt samarbete. F\u00f6r oss \u00e4r fastighetssk\u00f6tsel inte bara ett jobb \u2013 det \u00e4r en del av v\u00e5r familjevardag.<\/p>\n<\/div>\n<\/div>\n\n\n\n<div class=\"wp-block-group alignfull is-style-more-padding osio1 has-black-background-color has-background\" id=\"V\u00e5ra-tj\u00e4nster\"><div class=\"wp-block-group__inner-container is-layout-constrained wp-block-group-is-layout-constrained\"><div class=\"image-and-text wp-block has-media-on-the-left\">\r\n<div class=\"row\">\r\n    <div class=\"col-12 col-md-6 image-col\">\r\n\r\n        <img loading=\"lazy\" decoding=\"async\" width=\"768\" height=\"1024\" src=\"https:\/\/profixpaananen.fi\/wp-content\/uploads\/2025\/07\/20250522-124254-768x1024.jpg\" class=\"attachment-large size-large\" alt=\"\" srcset=\"https:\/\/profixpaananen.fi\/wp-content\/uploads\/2025\/07\/20250522-124254-768x1024.jpg 768w, https:\/\/profixpaananen.fi\/wp-content\/uploads\/2025\/07\/20250522-124254-225x300.jpg 225w, https:\/\/profixpaananen.fi\/wp-content\/uploads\/2025\/07\/20250522-124254-1152x1536.jpg 1152w, https:\/\/profixpaananen.fi\/wp-content\/uploads\/2025\/07\/20250522-124254-1536x2048.jpg 1536w, https:\/\/profixpaananen.fi\/wp-content\/uploads\/2025\/07\/20250522-124254-scaled.jpg 1920w\" sizes=\"auto, (max-width: 768px) 100vw, 768px\" \/>    <\/div>\r\n\r\n    <div class=\"col-12 col-md-6 text-col\"><div class=\"acf-innerblocks-container\">\n\n<h2 class=\"wp-block-heading has-yellow-color has-text-color has-link-color wp-elements-a018ca89a5d082cf848e42ea3a3d8d09\" id=\"V\u00e5ra-tj\u00e4nster\">V\u00e5ra tj\u00e4nster:<\/h2>\n\n\n\n<ul class=\"wp-block-list\">\n<li>Underh\u00e5ll av fastigheternas utomhusomr\u00e5den (t.ex. gr\u00e4sklippning, sn\u00f6r\u00f6jning, sandning)<\/li>\n\n\n\n<li>Mindre reparationer och underh\u00e5ll<\/li>\n\n\n\n<li>\u00d6vervakning av avfallshanteringen\u00a0och\u00a0sopk\u00e4rlens renlighet<\/li>\n<\/ul>\n\n<\/div>\r\n<\/div>\r\n<\/div>\r\n<\/div><\/div><\/div>\n\n\n\n<div class=\"wp-block-group alignfull is-style-more-padding has-light-gray-background-color has-background\"><div class=\"wp-block-group__inner-container is-layout-constrained wp-block-group-is-layout-constrained\">\n<div class=\"wp-block-columns is-style-narrow is-layout-flex wp-container-core-columns-is-layout-9d6595d7 wp-block-columns-is-layout-flex\">\n<div class=\"wp-block-column is-layout-flow wp-block-column-is-layout-flow\">\n<h2 class=\"wp-block-heading has-blue-color has-text-color has-link-color wp-elements-6154f26317b0d71f4ac2d9e97861f8c0\">Mer genom samarbete \u2013 Tillsammans g\u00f6r vi fastigheterna funktionella och bekv\u00e4ma<\/h2>\n\n\n\n<p>Vi tror att det b\u00e4sta resultatet kommer genom\u00a0ett gott samarbete. Vi har ett n\u00e4ra samarbete med Vaasan Talopalvelu samt disponenter, bostadsbolag, byggf\u00f6retag och andra yrkesverksamma inom omr\u00e5det.<\/p>\n\n\n\n<p class=\"has-blue-color has-text-color has-link-color wp-elements-bb06d8441a3a2252edf8e42275e8ec0c\"><strong>Vi \u00e4r inte r\u00e4dda f\u00f6r att\u00a0skrida till\u00a0\u00e5tg\u00e4rder och vi \u00e4r en l\u00e4ttillg\u00e4nglig partner som du kan ringa n\u00e4r du snabbt beh\u00f6ver p\u00e5litlig hj\u00e4lp.<\/strong><\/p>\n\n\n\n<p>Som familjef\u00f6retag \u00e4r det naturligt f\u00f6r oss att arbeta tillsammans \u2013 b\u00e5de sinsemellan och med v\u00e5ra kunder och partners. Vi erbjuder v\u00e5r\u00a0yrkeskunskap\u00a0flexibelt i olika\u00a0arbetsskeden, oavsett om det \u00e4r\u00a0fr\u00e5ga om\u00a0regelbundet underh\u00e5ll,\u00a0en\u00a0enskild\u00a0entreprenad eller samarbete\u00a0d\u00e5 vi levererar\u00a0fortl\u00f6pande tj\u00e4nster.<\/p>\n\n\n\n<div class=\"wp-block-buttons is-content-justification-center is-layout-flex wp-container-core-buttons-is-layout-16018d1d wp-block-buttons-is-layout-flex\">\n<div class=\"wp-block-button\"><a class=\"wp-block-button__link wp-element-button\" href=\"#kontakta-oss\">Kontakta oss och fr\u00e5ga mer<\/a><\/div>\n<\/div>\n<\/div>\n<\/div>\n<\/div><\/div>\n\n\n\n<div class=\"wp-block-group alignfull is-style-more-padding has-white-background-color has-background\" id=\"palvelut\"><div class=\"wp-block-group__inner-container is-layout-constrained wp-block-group-is-layout-constrained\">\n<figure class=\"wp-block-gallery has-nested-images columns-4 wp-block-gallery-1 is-layout-flex wp-block-gallery-is-layout-flex\">\n<figure class=\"wp-block-image size-large\"><img loading=\"lazy\" decoding=\"async\" width=\"768\" height=\"1024\" data-id=\"4257\" src=\"https:\/\/profixpaananen.fi\/wp-content\/uploads\/2025\/07\/20250522-105958-768x1024.jpg\" alt=\"\" class=\"wp-image-4257\" srcset=\"https:\/\/profixpaananen.fi\/wp-content\/uploads\/2025\/07\/20250522-105958-768x1024.jpg 768w, https:\/\/profixpaananen.fi\/wp-content\/uploads\/2025\/07\/20250522-105958-225x300.jpg 225w, https:\/\/profixpaananen.fi\/wp-content\/uploads\/2025\/07\/20250522-105958-1152x1536.jpg 1152w, https:\/\/profixpaananen.fi\/wp-content\/uploads\/2025\/07\/20250522-105958-1536x2048.jpg 1536w, https:\/\/profixpaananen.fi\/wp-content\/uploads\/2025\/07\/20250522-105958-scaled.jpg 1920w\" sizes=\"auto, (max-width: 768px) 100vw, 768px\" \/><\/figure>\n\n\n\n<figure class=\"wp-block-image size-large\"><img loading=\"lazy\" decoding=\"async\" width=\"768\" height=\"1024\" data-id=\"4258\" src=\"https:\/\/profixpaananen.fi\/wp-content\/uploads\/2025\/07\/20250522-134800-768x1024.jpg\" alt=\"\" class=\"wp-image-4258\" srcset=\"https:\/\/profixpaananen.fi\/wp-content\/uploads\/2025\/07\/20250522-134800-768x1024.jpg 768w, https:\/\/profixpaananen.fi\/wp-content\/uploads\/2025\/07\/20250522-134800-225x300.jpg 225w, https:\/\/profixpaananen.fi\/wp-content\/uploads\/2025\/07\/20250522-134800-1152x1536.jpg 1152w, https:\/\/profixpaananen.fi\/wp-content\/uploads\/2025\/07\/20250522-134800-1536x2048.jpg 1536w, https:\/\/profixpaananen.fi\/wp-content\/uploads\/2025\/07\/20250522-134800-scaled.jpg 1920w\" sizes=\"auto, (max-width: 768px) 100vw, 768px\" \/><\/figure>\n\n\n\n<figure class=\"wp-block-image size-large\"><img loading=\"lazy\" decoding=\"async\" width=\"768\" height=\"1024\" data-id=\"4259\" src=\"https:\/\/profixpaananen.fi\/wp-content\/uploads\/2025\/07\/20250522-134812-768x1024.jpg\" alt=\"\" class=\"wp-image-4259\" srcset=\"https:\/\/profixpaananen.fi\/wp-content\/uploads\/2025\/07\/20250522-134812-768x1024.jpg 768w, https:\/\/profixpaananen.fi\/wp-content\/uploads\/2025\/07\/20250522-134812-225x300.jpg 225w, https:\/\/profixpaananen.fi\/wp-content\/uploads\/2025\/07\/20250522-134812-1152x1536.jpg 1152w, https:\/\/profixpaananen.fi\/wp-content\/uploads\/2025\/07\/20250522-134812-1536x2048.jpg 1536w, https:\/\/profixpaananen.fi\/wp-content\/uploads\/2025\/07\/20250522-134812-scaled.jpg 1920w\" sizes=\"auto, (max-width: 768px) 100vw, 768px\" \/><\/figure>\n\n\n\n<figure class=\"wp-block-image size-large\"><img loading=\"lazy\" decoding=\"async\" width=\"768\" height=\"1024\" data-id=\"4216\" src=\"https:\/\/profixpaananen.fi\/wp-content\/uploads\/2025\/07\/20250522-124254-768x1024.jpg\" alt=\"\" class=\"wp-image-4216\" srcset=\"https:\/\/profixpaananen.fi\/wp-content\/uploads\/2025\/07\/20250522-124254-768x1024.jpg 768w, https:\/\/profixpaananen.fi\/wp-content\/uploads\/2025\/07\/20250522-124254-225x300.jpg 225w, https:\/\/profixpaananen.fi\/wp-content\/uploads\/2025\/07\/20250522-124254-1152x1536.jpg 1152w, https:\/\/profixpaananen.fi\/wp-content\/uploads\/2025\/07\/20250522-124254-1536x2048.jpg 1536w, https:\/\/profixpaananen.fi\/wp-content\/uploads\/2025\/07\/20250522-124254-scaled.jpg 1920w\" sizes=\"auto, (max-width: 768px) 100vw, 768px\" \/><\/figure>\n<\/figure>\n<\/div><\/div>\n\n\n\n<div class=\"wp-block-cover alignfull is-style-blur-image\" id=\"kontakta-oss\"><img loading=\"lazy\" decoding=\"async\" width=\"768\" height=\"1024\" class=\"wp-block-cover__image-background wp-image-4216 size-large\" alt=\"\" src=\"https:\/\/profixpaananen.fi\/wp-content\/uploads\/2025\/07\/20250522-124254-768x1024.jpg\" data-object-fit=\"cover\" srcset=\"https:\/\/profixpaananen.fi\/wp-content\/uploads\/2025\/07\/20250522-124254-768x1024.jpg 768w, https:\/\/profixpaananen.fi\/wp-content\/uploads\/2025\/07\/20250522-124254-225x300.jpg 225w, https:\/\/profixpaananen.fi\/wp-content\/uploads\/2025\/07\/20250522-124254-1152x1536.jpg 1152w, https:\/\/profixpaananen.fi\/wp-content\/uploads\/2025\/07\/20250522-124254-1536x2048.jpg 1536w, https:\/\/profixpaananen.fi\/wp-content\/uploads\/2025\/07\/20250522-124254-scaled.jpg 1920w\" sizes=\"auto, (max-width: 768px) 100vw, 768px\" \/><span aria-hidden=\"true\" class=\"wp-block-cover__background has-black-background-color has-background-dim-60 has-background-dim\"><\/span><div class=\"wp-block-cover__inner-container is-layout-flow wp-block-cover-is-layout-flow\">\n<h2 class=\"wp-block-heading has-text-align-center has-yellow-color has-text-color\">Kontakta oss!<\/h2>\n\n\n\n<p class=\"has-text-align-center has-large-font-size\">Fr\u00e5ga mer om v\u00e5ra tj\u00e4nster eller beg\u00e4r en offert. <br>Vi svarar snabbt och hj\u00e4lper dig g\u00e4rna.<\/p>\n\n\n\n<p class=\"has-text-align-center has-yellow-color has-text-color has-link-color wp-elements-19560929df5a7c2f0f16c9b50f582970\"><svg class=\"bi  \" width=\"1em\" height=\"1em\" fill=\"currentColor\">\r\n\t<use xlink:href=\"https:\/\/profixpaananen.fi\/wp-content\/themes\/luotsi2\/assets\/img\/bootstrap-icons.svg#pin-map\" \/>\r\n<\/svg> Rinnakkaistie 31, 65350 Vaasa.<\/p>\n\n\n\n<div class=\"wp-block-buttons is-content-justification-center is-layout-flex wp-container-core-buttons-is-layout-16018d1d wp-block-buttons-is-layout-flex\">\n<div class=\"wp-block-button\"><a class=\"wp-block-button__link wp-element-button\" href=\"tel:+358500560002\"><svg class=\"bi  \" width=\"1em\" height=\"1em\" fill=\"currentColor\">\r\n\t<use xlink:href=\"https:\/\/profixpaananen.fi\/wp-content\/themes\/luotsi2\/assets\/img\/bootstrap-icons.svg#phone\" \/>\r\n<\/svg> 0500 560002<\/a><\/div>\n\n\n\n<div class=\"wp-block-button\"><a class=\"wp-block-button__link wp-element-button\" href=\"mailto:profixpaananen@gmail.com\"><svg class=\"bi  \" width=\"1em\" height=\"1em\" fill=\"currentColor\">\r\n\t<use xlink:href=\"https:\/\/profixpaananen.fi\/wp-content\/themes\/luotsi2\/assets\/img\/bootstrap-icons.svg#envelope\" \/>\r\n<\/svg> profixpaananen@gmail.com<\/a><\/div>\n<\/div>\n<\/div><\/div>\n","protected":false},"excerpt":{"rendered":"<p>Vi \u00e4r ett lokalt familjef\u00f6retag som erbjuder h\u00f6gkvalitativt och ansvarsfullt fastighetsunderh\u00e5ll. Fastighetssk\u00f6tsel \u00e4r inte bara ett yrke f\u00f6r oss \u2013 det \u00e4r ett s\u00e4tt att leva. F\u00f6retagets r\u00f6tter ligger i Ellis far, Kai Huhta, som startade fastighetsservicen f\u00f6r \u00f6ver 40 \u00e5r sedan under namnet Kiinteist\u00f6huolto Kai Huhta Oy. \u00c5r 2025 skedde ett generationsskifte och samtidigt [&hellip;]<\/p>\n","protected":false},"author":1,"featured_media":0,"parent":0,"menu_order":1,"comment_status":"closed","ping_status":"closed","template":"","meta":{"_acf_changed":false,"footnotes":""},"class_list":["post-4296","page","type-page","status-publish","hentry"],"acf":[],"aioseo_notices":[],"_links":{"self":[{"href":"https:\/\/profixpaananen.fi\/sv\/wp-json\/wp\/v2\/pages\/4296","targetHints":{"allow":["GET"]}}],"collection":[{"href":"https:\/\/profixpaananen.fi\/sv\/wp-json\/wp\/v2\/pages"}],"about":[{"href":"https:\/\/profixpaananen.fi\/sv\/wp-json\/wp\/v2\/types\/page"}],"author":[{"embeddable":true,"href":"https:\/\/profixpaananen.fi\/sv\/wp-json\/wp\/v2\/users\/1"}],"replies":[{"embeddable":true,"href":"https:\/\/profixpaananen.fi\/sv\/wp-json\/wp\/v2\/comments?post=4296"}],"version-history":[{"count":7,"href":"https:\/\/profixpaananen.fi\/sv\/wp-json\/wp\/v2\/pages\/4296\/revisions"}],"predecessor-version":[{"id":4346,"href":"https:\/\/profixpaananen.fi\/sv\/wp-json\/wp\/v2\/pages\/4296\/revisions\/4346"}],"wp:attachment":[{"href":"https:\/\/profixpaananen.fi\/sv\/wp-json\/wp\/v2\/media?parent=4296"}],"curies":[{"name":"wp","href":"https:\/\/api.w.org\/{rel}","templated":true}]}}